{"id":1835,"date":"2021-02-02T08:21:22","date_gmt":"2021-02-02T08:21:22","guid":{"rendered":"https:\/\/haf.hi.is\/?page_id=1835"},"modified":"2026-04-15T23:36:14","modified_gmt":"2026-04-15T23:36:14","slug":"home","status":"publish","type":"page","link":"https:\/\/haf.hi.is\/is\/","title":{"rendered":"Home"},"content":{"rendered":"<div data-elementor-type=\"wp-page\" data-elementor-id=\"1835\" class=\"elementor elementor-1835\">\n\t\t\t\t<div class=\"elementor-element elementor-element-375eff6 e-flex e-con-boxed e-con e-parent\" data-id=\"375eff6\" data-element_type=\"container\" data-e-type=\"container\">\n\t\t\t\t\t<div class=\"e-con-inner\">\n\t\t<div class=\"elementor-element elementor-element-66ab359 e-con-full e-flex e-con e-child\" data-id=\"66ab359\" data-element_type=\"container\" data-e-type=\"container\">\n\t\t\t\t<div class=\"elementor-element elementor-element-6871587 elementor-widget__width-initial elementor-widget elementor-widget-heading\" data-id=\"6871587\" data-element_type=\"widget\" data-e-type=\"widget\" data-widget_type=\"heading.default\">\n\t\t\t\t<div class=\"elementor-widget-container\">\n\t\t\t\t\t<h1 class=\"elementor-heading-title elementor-size-default\">Ranns\u00f3knasetur um r\u00f3b\u00f3ta og \u00fer\u00e1\u00f0laus fjarskipti vi\u00f0 erfi\u00f0ar a\u00f0st\u00e6\u00f0ur<\/h1>\t\t\t\t<\/div>\n\t\t\t\t<\/div>\n\t\t\t\t<div class=\"elementor-element elementor-element-e2de8fd elementor-widget__width-initial elementor-widget elementor-widget-text-editor\" data-id=\"e2de8fd\" data-element_type=\"widget\" data-e-type=\"widget\" data-widget_type=\"text-editor.default\">\n\t\t\t\t<div class=\"elementor-widget-container\">\n\t\t\t\t\t\t\t\t\t<div><div>Ranns\u00f3knasetur vi\u00f0 H\u00e1sk\u00f3la \u00cdslands um \u00fer\u00f3un t\u00e6kni fyrir erfi\u00f0u umhverfi, svo sem ne\u00f0ansj\u00e1var, \u00e1 heimskautasv\u00e6\u00f0um og \u00e1 st\u00f6\u00f0um me\u00f0 takmarka\u00f0 a\u00f0gengi.<\/div><div>\u00a0<\/div><div>Fj\u00e1rmagna\u00f0 me\u00f0 \u00f6ndvegisstyrk fr\u00e1 Ranns\u00f3knasj\u00f3\u00f0i \u00cdslands \u00ed jan\u00faar 2023. <a href=\"https:\/\/en.rannis.is\/\">Icelandic Research Fund<\/a>\u00a0in January 2023.<\/div><\/div>\t\t\t\t\t\t\t\t<\/div>\n\t\t\t\t<\/div>\n\t\t\t\t<\/div>\n\t\t<div class=\"elementor-element elementor-element-3a06749 e-con-full e-flex e-con e-child\" data-id=\"3a06749\" data-element_type=\"container\" data-e-type=\"container\">\n\t\t\t\t<div class=\"elementor-element elementor-element-6c6ca6d elementor-widget elementor-widget-image\" data-id=\"6c6ca6d\" data-element_type=\"widget\" data-e-type=\"widget\" data-widget_type=\"image.default\">\n\t\t\t\t<div class=\"elementor-widget-container\">\n\t\t\t\t\t\t\t\t\t\t\t\t\t\t\t<img fetchpriority=\"high\" decoding=\"async\" width=\"768\" height=\"1024\" src=\"https:\/\/haf.hi.is\/wp-content\/uploads\/2023\/06\/pexels-filip-kristov-15537421-768x1024.jpg\" class=\"attachment-large size-large wp-image-1843\" alt=\"\" srcset=\"https:\/\/haf.hi.is\/wp-content\/uploads\/2023\/06\/pexels-filip-kristov-15537421-768x1024.jpg 768w, https:\/\/haf.hi.is\/wp-content\/uploads\/2023\/06\/pexels-filip-kristov-15537421-225x300.jpg 225w, https:\/\/haf.hi.is\/wp-content\/uploads\/2023\/06\/pexels-filip-kristov-15537421-1152x1536.jpg 1152w, https:\/\/haf.hi.is\/wp-content\/uploads\/2023\/06\/pexels-filip-kristov-15537421-1536x2048.jpg 1536w, https:\/\/haf.hi.is\/wp-content\/uploads\/2023\/06\/pexels-filip-kristov-15537421.jpg 1920w\" sizes=\"(max-width: 768px) 100vw, 768px\" \/>\t\t\t\t\t\t\t\t\t\t\t\t\t\t\t<\/div>\n\t\t\t\t<\/div>\n\t\t\t\t<\/div>\n\t\t<div class=\"elementor-element elementor-element-c0532b2 e-con-full e-flex e-con e-child\" data-id=\"c0532b2\" data-element_type=\"container\" data-e-type=\"container\">\n\t\t\t\t<div class=\"elementor-element elementor-element-54e2b9f elementor-widget elementor-widget-image\" data-id=\"54e2b9f\" data-element_type=\"widget\" data-e-type=\"widget\" data-widget_type=\"image.default\">\n\t\t\t\t<div class=\"elementor-widget-container\">\n\t\t\t\t\t\t\t\t\t\t\t\t\t\t\t<img decoding=\"async\" width=\"751\" height=\"1024\" src=\"https:\/\/haf.hi.is\/wp-content\/uploads\/2023\/06\/pexels-fabio-partenheimer-712398-751x1024.jpg\" class=\"attachment-large size-large wp-image-1844\" alt=\"\" srcset=\"https:\/\/haf.hi.is\/wp-content\/uploads\/2023\/06\/pexels-fabio-partenheimer-712398-751x1024.jpg 751w, https:\/\/haf.hi.is\/wp-content\/uploads\/2023\/06\/pexels-fabio-partenheimer-712398-220x300.jpg 220w, https:\/\/haf.hi.is\/wp-content\/uploads\/2023\/06\/pexels-fabio-partenheimer-712398-768x1048.jpg 768w, https:\/\/haf.hi.is\/wp-content\/uploads\/2023\/06\/pexels-fabio-partenheimer-712398-1126x1536.jpg 1126w, https:\/\/haf.hi.is\/wp-content\/uploads\/2023\/06\/pexels-fabio-partenheimer-712398-1501x2048.jpg 1501w, https:\/\/haf.hi.is\/wp-content\/uploads\/2023\/06\/pexels-fabio-partenheimer-712398-scaled.jpg 1877w\" sizes=\"(max-width: 751px) 100vw, 751px\" \/>\t\t\t\t\t\t\t\t\t\t\t\t\t\t\t<\/div>\n\t\t\t\t<\/div>\n\t\t\t\t<\/div>\n\t\t\t\t\t<\/div>\n\t\t\t\t<\/div>\n\t\t<div class=\"elementor-element elementor-element-80eeb1f e-flex e-con-boxed e-con e-parent\" data-id=\"80eeb1f\" data-element_type=\"container\" data-e-type=\"container\" data-settings=\"{&quot;background_background&quot;:&quot;classic&quot;}\">\n\t\t\t\t\t<div class=\"e-con-inner\">\n\t\t<div class=\"elementor-element elementor-element-03f19a1 e-con-full e-flex e-con e-child\" data-id=\"03f19a1\" data-element_type=\"container\" data-e-type=\"container\" data-settings=\"{&quot;background_background&quot;:&quot;classic&quot;}\">\n\t\t\t\t<div class=\"elementor-element elementor-element-c03a9c1 elementor-widget elementor-widget-text-editor\" data-id=\"c03a9c1\" data-element_type=\"widget\" data-e-type=\"widget\" data-widget_type=\"text-editor.default\">\n\t\t\t\t<div class=\"elementor-widget-container\">\n\t\t\t\t\t\t\t\t\t<div><h1>News<\/h1><p>&#8211; Patent Applications:<\/p><ol><li>\u201cAcoustic Active Reconfigurable Intelligent Metasurfaces for Broadband, Programmable Wavefront Control in Underwater Communication Networks\u201d<br \/>Inventors: F. Alizadeh, I. F. Akyildiz, K. Andersen, S. E. Thorsteinsson<\/li><li>\u201cAI-Guided Underwater Cooperative AUV Swarm for Probabilistic Capelin Spawning Habitats Survey with Graceful Degradation\u201d<br \/>Inventors: J\u00f3nsson, K. Andersen Mahgoli, I. F. Akyildiz, T. S. Giesta da Silva, G. J. \u00d3skarsson, S. \u00de\u00f3r J\u00f3nsson, K. Andersen<\/li><\/ol><p>&#8211; F. Alizadeh, I. F. Akyildiz, K. \u00a0Andersen, S. E. \u00deorsteinsson, \u201cActive Metasurfaces for Underwater Acoustic RIS: Control-Ready Reflection Modeling and Multifunctional Wave Control,\u201d submitted for publication, 2026.<\/p><p>&#8211; F. Alizadeh, I. F. Akyildiz, K. Andersen, S. E. \u00deorsteinsson, \u201cProgrammable Active Metasurfaces for Underwater Acoustic RIS: OAM Wave Synthesis and Structured-Beam Communications,\u201d submitted for publication, 2026.<\/p><p>&#8211; Mahgoli, I. F. Akyildiz, K. Andersen, T. S. Giesta da Silva, and S. E. \u00deorsteinsson, \u201cLearning Ocean Channel Cartography: A Digital Twin Approach to Communication-Aware Autonomy for Maritime 6G,\u201d <em>IEEE Transactions on Communications,<\/em>Under Review (Manuscript ID: TCOM-TPS-26-0206).<\/p><p>&#8211; Alizadeh, I. F. Akyildiz, K. Andersen, S. E. \u00deorsteinsson, \u201cTunable Active Metasurfaces for Next Generation Underwater aRIS-assisted Communication,\u201d ACM WUWNet conference, 2025. Received the Best Paper Award.<\/p><p>&#8211; Mahgoli, I. F. Akyildiz, T. S. Giesta da Silva, S. T. Jonsson, K. Andersen, and S. E. \u00deorsteinsson, \u201cSteering Uncertainty: Physics-Informed Mean Field Games for AUV Swarm Coordination in Underwater IoT,\u201d <em>IEEE International Symposium on the Internet of Things (ISIoT 2026),\u00a0Reykjavik, Iceland. Submitted for Presentation.<\/em><\/p><p><u>&#8211; <\/u>Mahgoli, \u00a0I. F. Akyildiz, T. S. Giesta da Silva, K. Andersen, S.E. Thorsteinsson, \u201cLiquid Neural Semantic Communication for Packet-Loss Resilient Underwater Acoustics,\u201d\u00a0<em>Eighth Underwater Communications and Networking Conference, UComms 2026, Sestri Levante, Italy. Submitted for Presentation.<\/em><\/p><p>&#8211; Mahgoli, I. F. Akyildiz, K. Andersen, S. E. \u00deorsteinsson, and M. \u00d6. \u00dalfarsson, \u201cA Hierarchical AI-Driven Hybrid Communication Framework for Underwater Swarm Coordination: Enabling Nanosecond Synchronization and Robust Cooperative MIMO Performance,\u201d <em>IEEE Internet of Things Journal, <\/em>Published in 30th of March 2026.<\/p><p>&#8211; H. Guo, , I. F. Akyildiz, , S. E. Thorsteinsson, and K. Andersen, \u201cJoint Wireless Charging Planning and Task Assignment for Autonomous Underwater Vehicles\u201d, to appear at IEEE Global Communications Conference (GLOBECOM), December 2025.<\/p><p>&#8211; Farzad Alizadeh, Ian F. Aky\u0131ld\u0131z, Kristinn Andersen, S\u00e6mundur E. \u00deorsteinsson, &#8220;Tunable Active Acoustic Metasurfaces for Next Generation Underwater aRIS-assisted Communication&#8221; submitted for publication, August 2025.<\/p><div>&#8211; Farzad Alizadeh, Ian F. Akyildiz, Hongzhi Guo, Kristinn Andersen, and Saemundur E. Thorsteinsson, &#8220;Reconfigurable Intelligent Surfaces for Underwater Acoustic Wave Control: Tonpilz Transducer Design, Beam Steering, and Coupling Mitigation&#8221;,\u00a0 submitted for publication, August 2025.<\/div><div>\u00a0<\/div><div>&#8211; L. Zhao, J. Tan, J. Wang, I.F. Akyildiz, Z. Sun, \u201cIncreasing Underwater Channel Capacity and Dof using Acoustic RIS\u201d, submitted for publication, July 2025.<\/div><div>\u00a0<\/div><div>&#8211; N. Tang, Y. Liu, X. Chu and I.F. Akyildiz, &#8220;Optimal Energy Efficiency in Underwater Acoustic Backscatter Networks: A Piezoelectric Design and Channel Optimization Framework&#8221;, submitted for publication, July 2025.<\/div><div>\u00a0<\/div><div>&#8211; Prof. Akyildiz received a new patent on Underwater Communication Networks. The title of the patent is<\/div><div>&#8220;Universal Multi-Mode Underwater Software Defined Modem&#8221;\u00a0 with Patent Number US 0090080 A1, July 2025.<\/div><div>\u00a0<\/div><div>&#8211; T. Girici, H. Guo, I. F. Akyildiz, K. Andersen, and S. E. Thorsteinsson, \u201cFormation Control for Swarm Underwater Vehicles using Multi-agent Deep Reinforcement Learning,\u201d in Proc. 8th Int. Balkan Conf. on Communications and Networking (BalkanCom), June 2025.<\/div><div>\u00a0<\/div><div role=\"presentation\">&#8211; L.Zhao, J. Tan, J. Wang, I.F. Akyildiz and Z. Sun, \u201cCovering Underwater Shadow Zones using Acoustic Reconfigurable Intelligent Surfaces\u201d,\u00a0 IEEE Infocom (premier conference in Networking) Proceedings, May 2025.<\/div><\/div><div><h4>\u00a0<\/h4><div>&#8211; <span style=\"font-size: 1rem;\">S. J. Nor\u00f0fj\u00f6r\u00f0, S. \u00a0E. Thorsteinsson, and K. Andersen <\/span><span style=\"font-size: 1rem;\">&#8220;Powering Underwater Robotics Sensor Networks through Ocean Energy Harvesting and Wireless Power Transfer Methods&#8221;, submitted for publication, December 2024.<\/span><\/div><div>\u00a0<\/div><div>&#8211; Prof. Akyildiz received a new patent on Underwater Communication Networks. The title of the patent is <a href=\"https:\/\/haf.hi.is\/wp-content\/uploads\/2024\/02\/patentjan24.jpeg\">&#8220;Systems, Methods and Computer Readable Media of Automatic Network Slicing of Underwater Acoustic Communication System Resources&#8221;<\/a> with Patent Number US 11,569, 920 B1 on Jan 31, 2023.<\/div><div>\u00a0<\/div><div>&#8211; N. Tang, Y. Liu, X. Chu, I.F. Akyildiz, &#8220;Design, Modeling and Analysis of Underwater Acoustic Backscatter Communications&#8221;, IEEE ICC (International Computer Communications) Conf., Denver, Colorado, USA, June 2024.<\/div><\/div><div><div>\u00a0<\/div><div>&#8211; Prof. Akyildiz gave a keynote speech entitled &#8220;On The Research Progress for Underwater Wireless Communication Networks&#8221; at the 17<sup>th<\/sup>\u00a0Int. ACM Conference on Underwater Networks and Systems (ACM WUWNET&#8217;23) in Shenzhen, China on Nov 24-26, 2023.<\/div><div><a href=\"https:\/\/wuwnet.acm.org\/2023\/\" target=\"_blank\" rel=\"noopener\" data-saferedirecturl=\"https:\/\/www.google.com\/url?q=https:\/\/wuwnet.acm.org\/2023\/&amp;source=gmail&amp;ust=1709240806321000&amp;usg=AOvVaw3RaZxxQ1YkRrtHoGicwB-u\">https:\/\/wuwnet.acm.org\/2023\/<\/a><\/div><div>\u00a0<\/div><\/div><div><div>&#8211; A call issued for Ph.D. and M.S. student applications, July 2023.<\/div><h4>\u00a0<\/h4><div>&#8211; Icelandic Research Fund grant awarded, February 2023.<\/div><\/div>\t\t\t\t\t\t\t\t<\/div>\n\t\t\t\t<\/div>\n\t\t\t\t<\/div>\n\t\t\t\t\t<\/div>\n\t\t\t\t<\/div>\n\t\t<div class=\"elementor-element elementor-element-9b7ab89 e-flex e-con-boxed e-con e-parent\" data-id=\"9b7ab89\" data-element_type=\"container\" data-e-type=\"container\">\n\t\t\t\t\t<div class=\"e-con-inner\">\n\t\t\t\t<div class=\"elementor-element elementor-element-29fafc1 elementor-widget elementor-widget-text-editor\" data-id=\"29fafc1\" data-element_type=\"widget\" data-e-type=\"widget\" data-widget_type=\"text-editor.default\">\n\t\t\t\t<div class=\"elementor-widget-container\">\n\t\t\t\t\t\t\t\t\t<p><strong><a href=\"https:\/\/haf.hi.is\/wp-content\/uploads\/2023\/08\/HAF-AdvertisementForPhD-ENG-ICE-4.pdf\">Uppl\u00fdsingar um ums\u00f3kn<\/a><\/strong><\/p>\t\t\t\t\t\t\t\t<\/div>\n\t\t\t\t<\/div>\n\t\t\t\t\t<\/div>\n\t\t\t\t<\/div>\n\t\t<div class=\"elementor-element elementor-element-77de196 e-flex e-con-boxed e-con e-parent\" data-id=\"77de196\" data-element_type=\"container\" data-e-type=\"container\">\n\t\t\t\t\t<div class=\"e-con-inner\">\n\t\t\t\t<div class=\"elementor-element elementor-element-0693852 elementor-widget elementor-widget-shortcode\" data-id=\"0693852\" data-element_type=\"widget\" data-e-type=\"widget\" data-widget_type=\"shortcode.default\">\n\t\t\t\t<div class=\"elementor-widget-container\">\n\t\t\t\t\t\n\t\t\t\t\t\t\n\n\t\t\t\n\t\n\t\t\n\n\t\n\t\t\n\t\t\t\t\t\t\t\t\t\t\n\t\n\t\t\t\t\n\t\t\t\n\t\t\t<div class=\"elementor-shortcode\"><div id='mvcwid'style='text-align: center; color: #000000;'><h3 class='wps_visitor_title'>Heims\u00f3knir<\/h3><div id=\"wpsvccount\"><div class=\"wps_text_glowing effect-white\">\n    \t\t\t\t\t\t<span>0<\/span>\n\t\t\t\t\t\t\t<span>0<\/span>\n\t\t\t\t\t\t\t<span>3<\/span>\n\t\t\t\t\t\t\t<span>8<\/span>\n\t\t\t\t\t\t\t<span>9<\/span>\n\t\t\t\t\t\t\t<span>8<\/span>\n\t\t\t\t\t\t\t\n\t\t\t\t\t\t<\/div><\/div>\n\t<div id=\"wpsvctable\"><\/div><\/div><\/div>\n\t\t\t\t\t\t<\/div>\n\t\t\t\t<\/div>\n\t\t\t\t\t<\/div>\n\t\t\t\t<\/div>\n\t\t\t\t<\/div>","protected":false},"excerpt":{"rendered":"<p>Center for Robotics and Wireless Communications in Challenging Environments A research center at the University of Iceland for the development of technologies for challenging and harsh environments, such as underwater, in arctic regions and locations with limited accessibility.\u00a0Funded by a Grant of Excellence from the Icelandic Research Fund\u00a0in January 2023. News &#8211; Patent Applications: \u201cAcoustic [&hellip;]<\/p>\n","protected":false},"author":4,"featured_media":0,"parent":0,"menu_order":0,"comment_status":"closed","ping_status":"closed","template":"elementor_header_footer","meta":{"site-sidebar-layout":"no-sidebar","site-content-layout":"page-builder","ast-site-content-layout":"default","site-content-style":"default","site-sidebar-style":"default","ast-global-header-display":"","ast-banner-title-visibility":"","ast-main-header-display":"","ast-hfb-above-header-display":"","ast-hfb-below-header-display":"","ast-hfb-mobile-header-display":"","site-post-title":"","ast-breadcrumbs-content":"disabled","ast-featured-img":"disabled","footer-sml-layout":"","ast-disable-related-posts":"","theme-transparent-header-meta":"enabled","adv-header-id-meta":"","stick-header-meta":"","header-above-stick-meta":"","header-main-stick-meta":"","header-below-stick-meta":"","astra-migrate-meta-layouts":"default","ast-page-background-enabled":"default","ast-page-background-meta":{"desktop":{"background-color":"","background-image":"","background-repeat":"repeat","background-position":"center center","background-size":"auto","background-attachment":"scroll","background-type":"","background-media":"","overlay-type":"","overlay-color":"","overlay-opacity":"","overlay-gradient":""},"tablet":{"background-color":"","background-image":"","background-repeat":"repeat","background-position":"center center","background-size":"auto","background-attachment":"scroll","background-type":"","background-media":"","overlay-type":"","overlay-color":"","overlay-opacity":"","overlay-gradient":""},"mobile":{"background-color":"","background-image":"","background-repeat":"repeat","background-position":"center center","background-size":"auto","background-attachment":"scroll","background-type":"","background-media":"","overlay-type":"","overlay-color":"","overlay-opacity":"","overlay-gradient":""}},"ast-content-background-meta":{"desktop":{"background-color":"var(--ast-global-color-5)","background-image":"","background-repeat":"repeat","background-position":"center center","background-size":"auto","background-attachment":"scroll","background-type":"","background-media":"","overlay-type":"","overlay-color":"","overlay-opacity":"","overlay-gradient":""},"tablet":{"background-color":"var(--ast-global-color-5)","background-image":"","background-repeat":"repeat","background-position":"center center","background-size":"auto","background-attachment":"scroll","background-type":"","background-media":"","overlay-type":"","overlay-color":"","overlay-opacity":"","overlay-gradient":""},"mobile":{"background-color":"var(--ast-global-color-5)","background-image":"","background-repeat":"repeat","background-position":"center center","background-size":"auto","background-attachment":"scroll","background-type":"","background-media":"","overlay-type":"","overlay-color":"","overlay-opacity":"","overlay-gradient":""}},"footnotes":""},"class_list":["post-1835","page","type-page","status-publish","hentry"],"_links":{"self":[{"href":"https:\/\/haf.hi.is\/is\/wp-json\/wp\/v2\/pages\/1835","targetHints":{"allow":["GET"]}}],"collection":[{"href":"https:\/\/haf.hi.is\/is\/wp-json\/wp\/v2\/pages"}],"about":[{"href":"https:\/\/haf.hi.is\/is\/wp-json\/wp\/v2\/types\/page"}],"author":[{"embeddable":true,"href":"https:\/\/haf.hi.is\/is\/wp-json\/wp\/v2\/users\/4"}],"replies":[{"embeddable":true,"href":"https:\/\/haf.hi.is\/is\/wp-json\/wp\/v2\/comments?post=1835"}],"version-history":[{"count":205,"href":"https:\/\/haf.hi.is\/is\/wp-json\/wp\/v2\/pages\/1835\/revisions"}],"predecessor-version":[{"id":2382,"href":"https:\/\/haf.hi.is\/is\/wp-json\/wp\/v2\/pages\/1835\/revisions\/2382"}],"wp:attachment":[{"href":"https:\/\/haf.hi.is\/is\/wp-json\/wp\/v2\/media?parent=1835"}],"curies":[{"name":"wp","href":"https:\/\/api.w.org\/{rel}","templated":true}]}}